{"id":5,"date":"2021-09-21T12:14:05","date_gmt":"2021-09-21T12:14:05","guid":{"rendered":"https:\/\/parimuuttujaa.org\/?page_id=5"},"modified":"2021-09-23T15:33:08","modified_gmt":"2021-09-23T15:33:08","slug":"etusivu","status":"publish","type":"page","link":"https:\/\/parimuuttujaa.org\/","title":{"rendered":"Pari muuttujaa"},"content":{"rendered":"\t\t<div data-elementor-type=\"wp-page\" data-elementor-id=\"5\" class=\"elementor elementor-5\">\n\t\t\t\t\t\t<section class=\"elementor-section elementor-top-section elementor-element elementor-element-e62bb04 elementor-section-boxed elementor-section-height-default elementor-section-height-default\" data-id=\"e62bb04\" data-element_type=\"section\" data-e-type=\"section\">\n\t\t\t\t\t\t<div class=\"elementor-container elementor-column-gap-default\">\n\t\t\t\t\t<div class=\"elementor-column elementor-col-100 elementor-top-column elementor-element elementor-element-3d1b2de\" data-id=\"3d1b2de\" data-element_type=\"column\" data-e-type=\"column\">\n\t\t\t<div class=\"elementor-widget-wrap elementor-element-populated\">\n\t\t\t\t\t\t<div class=\"elementor-element elementor-element-5faff10 elementor-widget elementor-widget-wp-widget-recent-posts\" data-id=\"5faff10\" data-element_type=\"widget\" data-e-type=\"widget\" data-widget_type=\"wp-widget-recent-posts.default\">\n\t\t\t\t<div class=\"elementor-widget-container\">\n\t\t\t\t\t\n\t\t\n\t\t<h5>Viimeisimm\u00e4t blogitekstit<\/h5>\n\t\t<ul>\n\t\t\t\t\t\t\t\t\t\t\t<li>\n\t\t\t\t\t<a href=\"https:\/\/parimuuttujaa.org\/?p=731\">Joustavaa ryhmittely\u00e4 matematiikassa \u2013 oppilaan taitotaso huomioiden<\/a>\n\t\t\t\t\t\t\t\t\t<\/li>\n\t\t\t\t\t\t\t\t\t\t\t<li>\n\t\t\t\t\t<a href=\"https:\/\/parimuuttujaa.org\/?p=718\">Lukioon valmentava matematiikan kurssi &#8211; fiiliksi\u00e4 kurssin toteutuksesta<\/a>\n\t\t\t\t\t\t\t\t\t<\/li>\n\t\t\t\t\t\t\t\t\t\t\t<li>\n\t\t\t\t\t<a href=\"https:\/\/parimuuttujaa.org\/?p=711\">Mitk\u00e4 taidot kaipaavat vahvistusta &#8211; lukioon valmentavan matematiikan kurssin suunnittelua<\/a>\n\t\t\t\t\t\t\t\t\t<\/li>\n\t\t\t\t\t\t\t\t\t\t\t<li>\n\t\t\t\t\t<a href=\"https:\/\/parimuuttujaa.org\/?p=703\">Hei, m\u00e4 osaan koodata! &#8211; Ohjelmoinnin n\u00e4ytt\u00f6ty\u00f6<\/a>\n\t\t\t\t\t\t\t\t\t<\/li>\n\t\t\t\t\t\t\t\t\t\t\t<li>\n\t\t\t\t\t<a href=\"https:\/\/parimuuttujaa.org\/?p=693\">Samanaikaisopettajuus &#8211; omasta tahdosta<\/a>\n\t\t\t\t\t\t\t\t\t<\/li>\n\t\t\t\t\t<\/ul>\n\n\t\t\t\t\t\t<\/div>\n\t\t\t\t<\/div>\n\t\t\t\t\t<\/div>\n\t\t<\/div>\n\t\t\t\t\t<\/div>\n\t\t<\/section>\n\t\t\t\t<\/div>\n\t\t","protected":false},"excerpt":{"rendered":"","protected":false},"author":1,"featured_media":0,"parent":0,"menu_order":0,"comment_status":"closed","ping_status":"closed","template":"","meta":{"_monsterinsights_skip_tracking":false,"_monsterinsights_sitenote_active":false,"_monsterinsights_sitenote_note":"","_monsterinsights_sitenote_category":0,"footnotes":""},"class_list":["post-5","page","type-page","status-publish","hentry"],"aioseo_notices":[],"_links":{"self":[{"href":"https:\/\/parimuuttujaa.org\/index.php?rest_route=\/wp\/v2\/pages\/5","targetHints":{"allow":["GET"]}}],"collection":[{"href":"https:\/\/parimuuttujaa.org\/index.php?rest_route=\/wp\/v2\/pages"}],"about":[{"href":"https:\/\/parimuuttujaa.org\/index.php?rest_route=\/wp\/v2\/types\/page"}],"author":[{"embeddable":true,"href":"https:\/\/parimuuttujaa.org\/index.php?rest_route=\/wp\/v2\/users\/1"}],"replies":[{"embeddable":true,"href":"https:\/\/parimuuttujaa.org\/index.php?rest_route=%2Fwp%2Fv2%2Fcomments&post=5"}],"version-history":[{"count":9,"href":"https:\/\/parimuuttujaa.org\/index.php?rest_route=\/wp\/v2\/pages\/5\/revisions"}],"predecessor-version":[{"id":368,"href":"https:\/\/parimuuttujaa.org\/index.php?rest_route=\/wp\/v2\/pages\/5\/revisions\/368"}],"wp:attachment":[{"href":"https:\/\/parimuuttujaa.org\/index.php?rest_route=%2Fwp%2Fv2%2Fmedia&parent=5"}],"curies":[{"name":"wp","href":"https:\/\/api.w.org\/{rel}","templated":true}]}}