{"id":243,"date":"2021-09-21T21:04:11","date_gmt":"2021-09-21T21:04:11","guid":{"rendered":"https:\/\/parimuuttujaa.org\/?page_id=243"},"modified":"2021-09-25T01:52:28","modified_gmt":"2021-09-24T22:52:28","slug":"blogikirjoituksia","status":"publish","type":"page","link":"https:\/\/parimuuttujaa.org\/?page_id=243","title":{"rendered":"Blogikirjoituksia"},"content":{"rendered":"\t\t<div data-elementor-type=\"wp-page\" data-elementor-id=\"243\" class=\"elementor elementor-243\">\n\t\t\t\t\t\t<section class=\"elementor-section elementor-top-section elementor-element elementor-element-f49eb92 elementor-section-boxed elementor-section-height-default elementor-section-height-default\" data-id=\"f49eb92\" data-element_type=\"section\" data-e-type=\"section\">\n\t\t\t\t\t\t<div class=\"elementor-container elementor-column-gap-default\">\n\t\t\t\t\t<div class=\"elementor-column elementor-col-100 elementor-top-column elementor-element elementor-element-5487d3e\" data-id=\"5487d3e\" data-element_type=\"column\" data-e-type=\"column\">\n\t\t\t<div class=\"elementor-widget-wrap elementor-element-populated\">\n\t\t\t\t\t\t<div class=\"elementor-element elementor-element-e5c8ba8 elementor-widget elementor-widget-wp-widget-recent-posts\" data-id=\"e5c8ba8\" data-element_type=\"widget\" data-e-type=\"widget\" data-widget_type=\"wp-widget-recent-posts.default\">\n\t\t\t\t<div class=\"elementor-widget-container\">\n\t\t\t\t\t\n\t\t\n\t\t<h5>Kaikki kirjoitukset<\/h5>\n\t\t<ul>\n\t\t\t\t\t\t\t\t\t\t\t<li>\n\t\t\t\t\t<a href=\"https:\/\/parimuuttujaa.org\/?p=731\">Joustavaa ryhmittely\u00e4 matematiikassa \u2013 oppilaan taitotaso huomioiden<\/a>\n\t\t\t\t\t\t\t\t\t<\/li>\n\t\t\t\t\t\t\t\t\t\t\t<li>\n\t\t\t\t\t<a href=\"https:\/\/parimuuttujaa.org\/?p=718\">Lukioon valmentava matematiikan kurssi &#8211; fiiliksi\u00e4 kurssin toteutuksesta<\/a>\n\t\t\t\t\t\t\t\t\t<\/li>\n\t\t\t\t\t\t\t\t\t\t\t<li>\n\t\t\t\t\t<a href=\"https:\/\/parimuuttujaa.org\/?p=711\">Mitk\u00e4 taidot kaipaavat vahvistusta &#8211; lukioon valmentavan matematiikan kurssin suunnittelua<\/a>\n\t\t\t\t\t\t\t\t\t<\/li>\n\t\t\t\t\t\t\t\t\t\t\t<li>\n\t\t\t\t\t<a href=\"https:\/\/parimuuttujaa.org\/?p=703\">Hei, m\u00e4 osaan koodata! &#8211; Ohjelmoinnin n\u00e4ytt\u00f6ty\u00f6<\/a>\n\t\t\t\t\t\t\t\t\t<\/li>\n\t\t\t\t\t\t\t\t\t\t\t<li>\n\t\t\t\t\t<a href=\"https:\/\/parimuuttujaa.org\/?p=693\">Samanaikaisopettajuus &#8211; omasta tahdosta<\/a>\n\t\t\t\t\t\t\t\t\t<\/li>\n\t\t\t\t\t\t\t\t\t\t\t<li>\n\t\t\t\t\t<a href=\"https:\/\/parimuuttujaa.org\/?p=681\">Tutkitaan, kokeillaan, mitataan ja lasketaan &#8211; tutkimusteht\u00e4vi\u00e4 matematiikan tunneille<\/a>\n\t\t\t\t\t\t\t\t\t<\/li>\n\t\t\t\t\t\t\t\t\t\t\t<li>\n\t\t\t\t\t<a href=\"https:\/\/parimuuttujaa.org\/?p=667\">Matikka-twister on kivaa!<\/a>\n\t\t\t\t\t\t\t\t\t<\/li>\n\t\t\t\t\t\t\t\t\t\t\t<li>\n\t\t\t\t\t<a href=\"https:\/\/parimuuttujaa.org\/?p=657\">Samanaikaisopettajuus &#8211; uhka vai mahdollisuus<\/a>\n\t\t\t\t\t\t\t\t\t<\/li>\n\t\t\t\t\t\t\t\t\t\t\t<li>\n\t\t\t\t\t<a href=\"https:\/\/parimuuttujaa.org\/?p=633\">Muutakin kuin matematiikkaa &#8211; jutustelua ja rentoa kohtaamista<\/a>\n\t\t\t\t\t\t\t\t\t<\/li>\n\t\t\t\t\t\t\t\t\t\t\t<li>\n\t\t\t\t\t<a href=\"https:\/\/parimuuttujaa.org\/?p=620\">Tarvitaanko kotiteht\u00e4vi\u00e4?<\/a>\n\t\t\t\t\t\t\t\t\t<\/li>\n\t\t\t\t\t\t\t\t\t\t\t<li>\n\t\t\t\t\t<a href=\"https:\/\/parimuuttujaa.org\/?p=591\">Unta, lepoa ja matematiikkaa &#8211; terveystiedon ja matematiikan yhteisprojekti<\/a>\n\t\t\t\t\t\t\t\t\t<\/li>\n\t\t\t\t\t\t\t\t\t\t\t<li>\n\t\t\t\t\t<a href=\"https:\/\/parimuuttujaa.org\/?p=579\">Virhe on lahja, my\u00f6s matematiikan oppitunnilla<\/a>\n\t\t\t\t\t\t\t\t\t<\/li>\n\t\t\t\t\t\t\t\t\t\t\t<li>\n\t\t\t\t\t<a href=\"https:\/\/parimuuttujaa.org\/?p=565\">Projektioppiminen sopii tilastomatematiikkaan<\/a>\n\t\t\t\t\t\t\t\t\t<\/li>\n\t\t\t\t\t\t\t\t\t\t\t<li>\n\t\t\t\t\t<a href=\"https:\/\/parimuuttujaa.org\/?p=549\">Matikkaa flippaamassa<\/a>\n\t\t\t\t\t\t\t\t\t<\/li>\n\t\t\t\t\t\t\t\t\t\t\t<li>\n\t\t\t\t\t<a href=\"https:\/\/parimuuttujaa.org\/?p=537\">Oppimateriaalin p\u00e4ivitys: t\u00e4ydellinen matematiikan kirja<\/a>\n\t\t\t\t\t\t\t\t\t<\/li>\n\t\t\t\t\t\t\t\t\t\t\t<li>\n\t\t\t\t\t<a href=\"https:\/\/parimuuttujaa.org\/?p=520\">Matematiikan tunnilla kannattaa keskustella<\/a>\n\t\t\t\t\t\t\t\t\t<\/li>\n\t\t\t\t\t\t\t\t\t\t\t<li>\n\t\t\t\t\t<a href=\"https:\/\/parimuuttujaa.org\/?p=505\">Onko summatiivinen koe v\u00e4ltt\u00e4m\u00e4tt\u00f6myys?<\/a>\n\t\t\t\t\t\t\t\t\t<\/li>\n\t\t\t\t\t\t\t\t\t\t\t<li>\n\t\t\t\t\t<a href=\"https:\/\/parimuuttujaa.org\/?p=475\">Lukkoja, pulmia ja ryhm\u00e4ty\u00f6t\u00e4 &#8211; pakohuonepeli potensseista<\/a>\n\t\t\t\t\t\t\t\t\t<\/li>\n\t\t\t\t\t\t\t\t\t\t\t<li>\n\t\t\t\t\t<a href=\"https:\/\/parimuuttujaa.org\/?p=446\">Ohjelmointi osana matematiikan opiskelua<\/a>\n\t\t\t\t\t\t\t\t\t<\/li>\n\t\t\t\t\t\t\t\t\t\t\t<li>\n\t\t\t\t\t<a href=\"https:\/\/parimuuttujaa.org\/?p=442\">Luokallinen erilaisia oppijoita \u2013 matematiikan opettaminen on vaikeaa!<\/a>\n\t\t\t\t\t\t\t\t\t<\/li>\n\t\t\t\t\t\t\t\t\t\t\t<li>\n\t\t\t\t\t<a href=\"https:\/\/parimuuttujaa.org\/?p=356\">Mysteerej\u00e4 ratkomassa &#8211; pakohuonepelej\u00e4 verkossa<\/a>\n\t\t\t\t\t\t\t\t\t<\/li>\n\t\t\t\t\t\t\t\t\t\t\t<li>\n\t\t\t\t\t<a href=\"https:\/\/parimuuttujaa.org\/?p=292\">Avaruusgeometriaa ja 3D-mallinnusta<\/a>\n\t\t\t\t\t\t\t\t\t<\/li>\n\t\t\t\t\t\t\t\t\t\t\t<li>\n\t\t\t\t\t<a href=\"https:\/\/parimuuttujaa.org\/?p=297\">Keski\u00f6ss\u00e4 keskustelu &#8211; yliopisto-opettajasta yl\u00e4kouluopeksi<\/a>\n\t\t\t\t\t\t\t\t\t<\/li>\n\t\t\t\t\t\t\t\t\t\t\t<li>\n\t\t\t\t\t<a href=\"https:\/\/parimuuttujaa.org\/?p=270\">Yht\u00e4suuruutta etsim\u00e4ss\u00e4<\/a>\n\t\t\t\t\t\t\t\t\t<\/li>\n\t\t\t\t\t\t\t\t\t\t\t<li>\n\t\t\t\t\t<a href=\"https:\/\/parimuuttujaa.org\/?p=110\">Tavoitteet ja formatiivinen arviointi oppimisprosessin tukena<\/a>\n\t\t\t\t\t\t\t\t\t<\/li>\n\t\t\t\t\t<\/ul>\n\n\t\t\t\t\t\t<\/div>\n\t\t\t\t<\/div>\n\t\t\t\t<div class=\"elementor-element elementor-element-ef3965c elementor-widget-divider--view-line elementor-widget elementor-widget-divider\" data-id=\"ef3965c\" data-element_type=\"widget\" data-e-type=\"widget\" data-widget_type=\"divider.default\">\n\t\t\t\t<div class=\"elementor-widget-container\">\n\t\t\t\t\t\t\t<div class=\"elementor-divider\">\n\t\t\t<span class=\"elementor-divider-separator\">\n\t\t\t\t\t\t<\/span>\n\t\t<\/div>\n\t\t\t\t\t\t<\/div>\n\t\t\t\t<\/div>\n\t\t\t\t\t<\/div>\n\t\t<\/div>\n\t\t\t\t\t<\/div>\n\t\t<\/section>\n\t\t\t\t<section class=\"elementor-section elementor-top-section elementor-element elementor-element-47f6f84 elementor-section-boxed elementor-section-height-default elementor-section-height-default\" data-id=\"47f6f84\" data-element_type=\"section\" data-e-type=\"section\">\n\t\t\t\t\t\t<div class=\"elementor-container elementor-column-gap-default\">\n\t\t\t\t\t<div class=\"elementor-column elementor-col-25 elementor-top-column elementor-element elementor-element-ebfd706\" data-id=\"ebfd706\" data-element_type=\"column\" data-e-type=\"column\">\n\t\t\t<div class=\"elementor-widget-wrap elementor-element-populated\">\n\t\t\t\t\t\t<div class=\"elementor-element elementor-element-3c1bebb elementor-widget elementor-widget-image\" data-id=\"3c1bebb\" data-element_type=\"widget\" data-e-type=\"widget\" data-widget_type=\"image.default\">\n\t\t\t\t<div class=\"elementor-widget-container\">\n\t\t\t\t\t\t\t\t\t\t\t\t\t\t\t<img decoding=\"async\" width=\"384\" height=\"88\" src=\"https:\/\/parimuuttujaa.org\/wp-content\/uploads\/2021\/09\/cropped-8.png\" class=\"attachment-large size-large wp-image-396\" alt=\"\" srcset=\"https:\/\/parimuuttujaa.org\/wp-content\/uploads\/2021\/09\/cropped-8.png 384w, https:\/\/parimuuttujaa.org\/wp-content\/uploads\/2021\/09\/cropped-8-300x69.png 300w, https:\/\/parimuuttujaa.org\/wp-content\/uploads\/2021\/09\/cropped-8-262x60.png 262w\" sizes=\"(max-width: 384px) 100vw, 384px\" \/>\t\t\t\t\t\t\t\t\t\t\t\t\t\t\t<\/div>\n\t\t\t\t<\/div>\n\t\t\t\t\t<\/div>\n\t\t<\/div>\n\t\t\t\t<div class=\"elementor-column elementor-col-25 elementor-top-column elementor-element elementor-element-8e9ebc4\" data-id=\"8e9ebc4\" data-element_type=\"column\" data-e-type=\"column\">\n\t\t\t<div class=\"elementor-widget-wrap\">\n\t\t\t\t\t\t\t<\/div>\n\t\t<\/div>\n\t\t\t\t<div class=\"elementor-column elementor-col-50 elementor-top-column elementor-element elementor-element-6ce3361\" data-id=\"6ce3361\" data-element_type=\"column\" data-e-type=\"column\">\n\t\t\t<div class=\"elementor-widget-wrap\">\n\t\t\t\t\t\t\t<\/div>\n\t\t<\/div>\n\t\t\t\t\t<\/div>\n\t\t<\/section>\n\t\t\t\t<\/div>\n\t\t","protected":false},"excerpt":{"rendered":"","protected":false},"author":3,"featured_media":0,"parent":0,"menu_order":0,"comment_status":"closed","ping_status":"closed","template":"","meta":{"_monsterinsights_skip_tracking":false,"_monsterinsights_sitenote_active":false,"_monsterinsights_sitenote_note":"","_monsterinsights_sitenote_category":0,"footnotes":""},"class_list":["post-243","page","type-page","status-publish","hentry"],"aioseo_notices":[],"_links":{"self":[{"href":"https:\/\/parimuuttujaa.org\/index.php?rest_route=\/wp\/v2\/pages\/243","targetHints":{"allow":["GET"]}}],"collection":[{"href":"https:\/\/parimuuttujaa.org\/index.php?rest_route=\/wp\/v2\/pages"}],"about":[{"href":"https:\/\/parimuuttujaa.org\/index.php?rest_route=\/wp\/v2\/types\/page"}],"author":[{"embeddable":true,"href":"https:\/\/parimuuttujaa.org\/index.php?rest_route=\/wp\/v2\/users\/3"}],"replies":[{"embeddable":true,"href":"https:\/\/parimuuttujaa.org\/index.php?rest_route=%2Fwp%2Fv2%2Fcomments&post=243"}],"version-history":[{"count":25,"href":"https:\/\/parimuuttujaa.org\/index.php?rest_route=\/wp\/v2\/pages\/243\/revisions"}],"predecessor-version":[{"id":400,"href":"https:\/\/parimuuttujaa.org\/index.php?rest_route=\/wp\/v2\/pages\/243\/revisions\/400"}],"wp:attachment":[{"href":"https:\/\/parimuuttujaa.org\/index.php?rest_route=%2Fwp%2Fv2%2Fmedia&parent=243"}],"curies":[{"name":"wp","href":"https:\/\/api.w.org\/{rel}","templated":true}]}}